{"id":1622,"date":"2020-11-04T18:22:43","date_gmt":"2020-11-05T00:22:43","guid":{"rendered":"http:\/\/latinoseguros.com.mx.previewc75.carrierzone.com\/sitio2020\/?page_id=1622"},"modified":"2020-12-07T10:37:30","modified_gmt":"2020-12-07T16:37:30","slug":"gastos-medicos-mayores","status":"publish","type":"page","link":"http:\/\/latinoseguros.com.mx\/sitio2020\/personas\/gastos-medicos-mayores\/","title":{"rendered":"Seguro de Gastos M\u00e9dicos Mayores"},"content":{"rendered":"<p>[vc_row full_width=&#8221;stretch_row&#8221;][vc_column]<div id=\"sc_title_665359993\"\r\n\t\tclass=\"sc_title_align_center sc_title sc_title_default\"><h3 class=\"sc_item_title sc_title_title sc_align_center sc_item_title_style_default\">\u00bfPor qu\u00e9 contratar un seguro de gastos m\u00e9dicos mayores?<\/h3><\/div><!-- \/.sc_title -->[\/vc_column][\/vc_row][vc_row content_placement=&#8221;middle&#8221; css=&#8221;.vc_custom_1604527261597{margin-bottom: 100px !important;}&#8221;][vc_column width=&#8221;1\/2&#8243;][vc_single_image image=&#8221;1484&#8243; img_size=&#8221;full&#8221;][\/vc_column][vc_column width=&#8221;1\/2&#8243;][vc_column_text]<span style=\"font-weight: 400;\">En la actualidad tu salud ya no es una opci\u00f3n, una enfermedad o accidente siempre generar\u00e1 gastos, los cuales afectan directamente a nuestra econom\u00eda. Nuestro seguro de Gastos M\u00e9dicos Mayores est\u00e1 dise\u00f1ado para el cuidado de tu salud f\u00edsica y financiera y la de tu familia . Brindamos protecci\u00f3n ante cualquier accidente o enfermedad cubierto por la p\u00f3liza, sin poner en riesgo tu patrimonio.<\/span><\/p>\n<p><span style=\"font-weight: 400;\">Contar con un seguro de gastos m\u00e9dicos mayores, evitar\u00e1 que asumas el 100% del gasto directo de tu bolsillo, ya que trasladas este riesgo a la aseguradora.<\/span><\/p>\n<p><span style=\"font-weight: 400;\">Administra tus ingresos ante cualquier eventualidad y obt\u00e9n la tranquilidad de sentirte protegido.<\/span>[\/vc_column_text]<div class=\"sc_item_button sc_button_wrap sc_align_left\"><a href=\"http:\/\/latinoseguros.com.mx.previewc75.carrierzone.com\/sitio2020\/#contacto-personas\" id=\"sc_button_1967058991\" class=\"sc_button sc_button_default  vc_custom_1606160967688 color_preset_dark sc_button_size_normal sc_button_icon_left\"><span class=\"sc_button_text\"><span class=\"sc_button_title\">Cotiza ahora<\/span><\/span><!-- \/.sc_button_text --><\/a><!-- \/.sc_button --><\/div><!-- \/.sc_item_button -->[\/vc_column][\/vc_row][vc_row][vc_column]<div id=\"sc_title_345038991\"\r\n\t\tclass=\"sc_title_align_center sc_title sc_title_default\"><h3 class=\"sc_item_title sc_title_title sc_align_center sc_item_title_style_default sc_item_title_tag\">\u00bfQu\u00e9 seguro de gastos m\u00e9dicos mayores se adapta a tus necesidades?<\/h3><\/div><!-- \/.sc_title -->[\/vc_column][\/vc_row][vc_row equal_height=&#8221;yes&#8221; css=&#8221;.vc_custom_1604536723619{margin-bottom: 100px !important;}&#8221;][vc_column width=&#8221;1\/2&#8243;]<div  id=\"sc_price_1779555299\" \n\tclass=\"sc_price sc_price_default\"><div class=\"sc_price_info\"><div class=\"sc_price_title\"><a href=\"http:\/\/latinoseguros.com.mx.previewc75.carrierzone.com\/sitio2020\/#contacto-personas\">Fortaleza Latino<\/a><\/div><div class=\"sc_price_description\">Fortaleza Latino est\u00e1 dise\u00f1ado para ser tu primer Seguro de Gastos M\u00e9dicos Mayores, ya que cubre los gastos ocasionados por accidentes y\/o enfermedades adem\u00e1s de otros beneficios que cuidan de ti y tu econom\u00eda.<\/div><div class=\"sc_price_details\"><\/p>\n<h4 style=\"text-align: center\">Coberturas<\/h4>\n<ul>\n<li style=\"font-weight: 400;text-align: left\"><span style=\"font-weight: 400\">F\u00e1cil uso, ya que contamos con una red especial.<\/span><\/li>\n<li style=\"font-weight: 400;text-align: left\"><span style=\"font-weight: 400\">Eliminaci\u00f3n de deducible y coaseguro.<\/span><\/li>\n<li style=\"font-weight: 400;text-align: left\"><span style=\"font-weight: 400\">Orientaci\u00f3n psicol\u00f3gica.<\/span><\/li>\n<li style=\"font-weight: 400;text-align: left\"><span style=\"font-weight: 400\">Nutri\u00f3logo en l\u00ednea.<\/span><\/li>\n<li style=\"font-weight: 400;text-align: left\"><span style=\"font-weight: 400\">M\u00e9dico a domicilio.<\/span><\/li>\n<li style=\"font-weight: 400;text-align: left\"><span style=\"font-weight: 400\">Ayuda para parto y ces\u00e1rea.<\/span><\/li>\n<li style=\"font-weight: 400;text-align: left\"><span style=\"font-weight: 400\">Comida para acompa\u00f1ante en hospital.<\/span><\/li>\n<li style=\"font-weight: 400;text-align: left\"><span style=\"font-weight: 400\">Descuentos extensivos para familiares no asegurados.<\/span><\/li>\n<\/ul>\n<p style=\"text-align: right\"><small>Para mayor informaci\u00f3n<br \/>consulta tus <a href=\"http:\/\/latinoseguros.com.mx.previewc75.carrierzone.com\/sitio2020\/documentos-y-solicitudes\/\">condiciones generales.<\/a><\/small><\/p>\n<p><\/div><a href=\"http:\/\/latinoseguros.com.mx.previewc75.carrierzone.com\/sitio2020\/#contacto-personas\" class=\"sc_price_link\" target=\"_blank\">Cotiza Ahora<\/a><\/div>\n<\/div>[\/vc_column][vc_column width=&#8221;1\/2&#8243;]<div  id=\"sc_price_1187558870\" \n\tclass=\"sc_price sc_price_default\"><div class=\"sc_price_info\"><div class=\"sc_price_title\"><a href=\"http:\/\/latinoseguros.com.mx.previewc75.carrierzone.com\/sitio2020\/#contacto-personas\">M\u00e9dica Latino<\/a><\/div><div class=\"sc_price_description\">Est\u00e1 dise\u00f1ado para protegerte a ti y a tu familia ante cualquier accidente o enfermedad a nivel mundial cuidando siempre de lo m\u00e1s importante: tu salud.<\/div><div class=\"sc_price_details\"><\/p>\n<h4 style=\"text-align: center\"><strong>Coberturas<\/strong><\/h4>\n<ul>\n<li style=\"font-weight: 400;text-align: left\"><span style=\"font-weight: 400\">Ambulancia a\u00e9rea.<\/span><\/li>\n<li style=\"font-weight: 400;text-align: left\"><span style=\"font-weight: 400\">Cobertura por deportes peligrosos.<\/span><\/li>\n<li style=\"font-weight: 400;text-align: left\"><span style=\"font-weight: 400\">Ampliaci\u00f3n de cobertura en el extranjero.<\/span><\/li>\n<li style=\"font-weight: 400;text-align: left\"><span style=\"font-weight: 400\">Continuidad Familiar.<\/span><\/li>\n<li style=\"font-weight: 400;text-align: left\"><span style=\"font-weight: 400\">Reducci\u00f3n de Deducible y Coaseguro utilizando hospitales de red.<\/span><\/li>\n<li style=\"font-weight: 400;text-align: left\"><span style=\"font-weight: 400\">Opci\u00f3n a elegir nivel hospitalario.<\/span><\/li>\n<li style=\"font-weight: 400;text-align: left\"><span style=\"font-weight: 400\">T\u00fa eliges cu\u00e1nto deducible y coaseguro pagar.<\/span><\/li>\n<li style=\"font-weight: 400;text-align: left\"><span style=\"font-weight: 400\">Reconocimiento de antig\u00fcedad.<\/span><\/li>\n<li style=\"font-weight: 400;text-align: left\"><span style=\"font-weight: 400\">Enfermera a domicilio.<\/span><\/li>\n<\/ul>\n<p style=\"text-align: right\"><small>Para mayor informaci\u00f3n<br \/>consulta tus <a href=\"http:\/\/latinoseguros.com.mx.previewc75.carrierzone.com\/sitio2020\/documentos-y-solicitudes\/\">condiciones generales.<\/a><\/small><\/p>\n<p><\/div><a href=\"http:\/\/latinoseguros.com.mx.previewc75.carrierzone.com\/sitio2020\/#contacto-personas\" class=\"sc_price_link\" target=\"_blank\">Cotiza Ahora<\/a><\/div>\n<\/div>[\/vc_column][\/vc_row][vc_row][vc_column width=&#8221;1\/4&#8243;]<div id=\"sc_title_742978910\"\r\n\t\tclass=\"sc_title_align_left sc_title sc_title_default\"><h5 class=\"sc_item_title sc_title_title sc_align_left sc_item_title_style_default sc_item_title_tag\">Contamos con coberturas adicionales opcionales*, con\u00f3celas:<\/h5><div class=\"sc_item_descr sc_title_descr sc_align_left\">*S\u00f3lo aplica a M\u00e9dica Latino<\/div><\/div><!-- \/.sc_title -->[\/vc_column][vc_column width=&#8221;3\/4&#8243;]<div class=\"cq-dagallery-container\" style=\"width:100%;margin:0 auto;\"><ul class=\"cq-dagallery\" data-gallerywidth=\"100%\" data-width=\"420\" data-height=\"315\" data-color=\"#ffffff\" data-background=\"#00bfff\" data-opacity=\"0\"><li class=\"\" data-width=\"420\" data-height=\"315\" data-margin=\"5px\" style=\"margin:5px\"><a class=\"normal\" href=\"http:\/\/latinoseguros.com.mx.previewc75.carrierzone.com\/sitio2020\/wp-content\/uploads\/2020\/11\/latino-seguros-gastos-medicos-mayores-aplicacion-cobertura-extranjero.jpg\" rel=\"162281\"><img src='http:\/\/latinoseguros.com.mx.previewc75.carrierzone.com\/sitio2020\/wp-content\/uploads\/2020\/11\/latino-seguros-gastos-medicos-mayores-aplicacion-cobertura-extranjero-840x630.jpg' width='420' height='315' alt='' \/><\/a><div class=\"dagallery-info\" style=\"padding:20px;color:#ffffff;background-color:#00bfff\"><\/div><\/li><li class=\"\" data-width=\"420\" data-height=\"315\" data-margin=\"5px\" style=\"margin:5px\"><a class=\"normal\" href=\"http:\/\/latinoseguros.com.mx.previewc75.carrierzone.com\/sitio2020\/wp-content\/uploads\/2020\/11\/latino-seguros-gastos-medicos-mayores-deportes-peligrosos.jpg\" rel=\"162281\"><img src='http:\/\/latinoseguros.com.mx.previewc75.carrierzone.com\/sitio2020\/wp-content\/uploads\/2020\/11\/latino-seguros-gastos-medicos-mayores-deportes-peligrosos-840x630.jpg' width='420' height='315' alt='' \/><\/a><div class=\"dagallery-info\" style=\"padding:20px;color:#ffffff;background-color:#00bfff\"><\/div><\/li><li class=\"\" data-width=\"420\" data-height=\"315\" data-margin=\"5px\" style=\"margin:5px\"><a class=\"normal\" href=\"http:\/\/latinoseguros.com.mx.previewc75.carrierzone.com\/sitio2020\/wp-content\/uploads\/2020\/11\/latino-seguros-gastos-medicos-mayores-continuidad-cobertura-familiar.jpg\" rel=\"162281\"><img src='http:\/\/latinoseguros.com.mx.previewc75.carrierzone.com\/sitio2020\/wp-content\/uploads\/2020\/11\/latino-seguros-gastos-medicos-mayores-continuidad-cobertura-familiar-840x630.jpg' width='420' height='315' alt='' \/><\/a><div class=\"dagallery-info\" style=\"padding:20px;color:#ffffff;background-color:#00bfff\"><\/div><\/li><li class=\"\" data-width=\"420\" data-height=\"315\" data-margin=\"5px\" style=\"margin:5px\"><a class=\"normal\" href=\"http:\/\/latinoseguros.com.mx.previewc75.carrierzone.com\/sitio2020\/wp-content\/uploads\/2020\/11\/latino-seguros-gastos-medicos-mayores-enfermedades-catastroficas-extranjero-.jpg\" rel=\"162281\"><img src='http:\/\/latinoseguros.com.mx.previewc75.carrierzone.com\/sitio2020\/wp-content\/uploads\/2020\/11\/latino-seguros-gastos-medicos-mayores-enfermedades-catastroficas-extranjero--840x630.jpg' width='420' height='315' alt='' \/><\/a><div class=\"dagallery-info\" style=\"padding:20px;color:#ffffff;background-color:#00bfff\"><\/div><\/li><\/ul><\/div>[\/vc_column][\/vc_row][vc_row][vc_column][\/vc_column][\/vc_row][vc_row css=&#8221;.vc_custom_1606159353199{margin-top: 80px !important;margin-bottom: 80px !important;}&#8221;][vc_column][vc_column_text]<\/p>\n<h5 style=\"text-align: center;\"><span style=\"font-weight: 400;\">Al solicitar tu cotizaci\u00f3n pregunta por nuestros paquetes<\/span><\/h5>\n<p>[\/vc_column_text][\/vc_column][\/vc_row]<\/p>\n","protected":false},"excerpt":{"rendered":"<p>[vc_row full_width=&#8221;stretch_row&#8221;][vc_column][\/vc_column][\/vc_row][vc_row content_placement=&#8221;middle&#8221; css=&#8221;.vc_custom_1604527261597{margin-bottom: 100px !important;}&#8221;][vc_column width=&#8221;1\/2&#8243;][vc_single_image image=&#8221;1484&#8243; img_size=&#8221;full&#8221;][\/vc_column][vc_column width=&#8221;1\/2&#8243;][vc_column_text]En la actualidad tu salud ya no es una opci\u00f3n, una enfermedad o accidente siempre generar\u00e1 gastos, los cuales afectan directamente a nuestra econom\u00eda. Nuestro seguro de Gastos M\u00e9dicos Mayores est\u00e1&hellip;<\/p>\n","protected":false},"author":1,"featured_media":0,"parent":1565,"menu_order":0,"comment_status":"closed","ping_status":"closed","template":"","meta":[],"_links":{"self":[{"href":"http:\/\/latinoseguros.com.mx\/sitio2020\/wp-json\/wp\/v2\/pages\/1622"}],"collection":[{"href":"http:\/\/latinoseguros.com.mx\/sitio2020\/wp-json\/wp\/v2\/pages"}],"about":[{"href":"http:\/\/latinoseguros.com.mx\/sitio2020\/wp-json\/wp\/v2\/types\/page"}],"author":[{"embeddable":true,"href":"http:\/\/latinoseguros.com.mx\/sitio2020\/wp-json\/wp\/v2\/users\/1"}],"replies":[{"embeddable":true,"href":"http:\/\/latinoseguros.com.mx\/sitio2020\/wp-json\/wp\/v2\/comments?post=1622"}],"version-history":[{"count":13,"href":"http:\/\/latinoseguros.com.mx\/sitio2020\/wp-json\/wp\/v2\/pages\/1622\/revisions"}],"predecessor-version":[{"id":2343,"href":"http:\/\/latinoseguros.com.mx\/sitio2020\/wp-json\/wp\/v2\/pages\/1622\/revisions\/2343"}],"up":[{"embeddable":true,"href":"http:\/\/latinoseguros.com.mx\/sitio2020\/wp-json\/wp\/v2\/pages\/1565"}],"wp:attachment":[{"href":"http:\/\/latinoseguros.com.mx\/sitio2020\/wp-json\/wp\/v2\/media?parent=1622"}],"curies":[{"name":"wp","href":"https:\/\/api.w.org\/{rel}","templated":true}]}}