{"id":1685,"date":"2020-11-05T19:19:00","date_gmt":"2020-11-06T01:19:00","guid":{"rendered":"http:\/\/latinoseguros.com.mx.previewc75.carrierzone.com\/sitio2020\/?page_id=1685"},"modified":"2020-11-23T13:28:22","modified_gmt":"2020-11-23T19:28:22","slug":"empresas","status":"publish","type":"page","link":"http:\/\/latinoseguros.com.mx\/sitio2020\/empresas\/empresas\/","title":{"rendered":"Seguro de Empresa o Negocio"},"content":{"rendered":"<p>[vc_row full_width=&#8221;stretch_row&#8221;][vc_column]<div id=\"sc_title_932636900\"\r\n\t\tclass=\"sc_title_align_center sc_title sc_title_default\"><h3 class=\"sc_item_title sc_title_title sc_align_center sc_item_title_style_default\">\u00bfPor qu\u00e9 contratar un seguro de da\u00f1os para mi empresa o negocio?<\/h3><\/div><!-- \/.sc_title -->[\/vc_column][\/vc_row][vc_row content_placement=&#8221;middle&#8221; css=&#8221;.vc_custom_1604527261597{margin-bottom: 100px !important;}&#8221;][vc_column width=&#8221;1\/2&#8243;][vc_single_image image=&#8221;1687&#8243; img_size=&#8221;full&#8221;][\/vc_column][vc_column width=&#8221;1\/2&#8243;][vc_column_text]<span style=\"font-weight: 400;\">Que ning\u00fan imprevisto afecte tu ingreso. Con este seguro garantizamos la protecci\u00f3n del edificio o local y tu anuncio exterior luminoso ante incendios y rotura de cristales. Tambi\u00e9n ofrecemos protecci\u00f3n a los bienes materiales que se encuentran en su interior como maquinaria, mobiliario, equipo de c\u00f3mputo, materia prima, y mercanc\u00eda ante incendios o robo con violencia.<\/span>[\/vc_column_text]<div class=\"sc_item_button sc_button_wrap sc_align_left\"><a href=\"http:\/\/latinoseguros.com.mx.previewc75.carrierzone.com\/sitio2020\/#1603930152966-85b3311c-456c\" id=\"sc_button_1952369569\" class=\"sc_button sc_button_default  vc_custom_1604626202917 color_preset_dark sc_button_size_normal sc_button_icon_left\"><span class=\"sc_button_text\"><span class=\"sc_button_title\">Cotiza ahora<\/span><\/span><!-- \/.sc_button_text --><\/a><!-- \/.sc_button --><\/div><!-- \/.sc_item_button -->[\/vc_column][\/vc_row][vc_row][vc_column]<div id=\"sc_title_1510501513\"\r\n\t\tclass=\"sc_title_align_center sc_title sc_title_default\"><h3 class=\"sc_item_title sc_title_title sc_align_center sc_item_title_style_default sc_item_title_tag\">El Seguro para tu empresa o negocio<\/h3><\/div><!-- \/.sc_title -->[\/vc_column][\/vc_row][vc_row equal_height=&#8221;yes&#8221; css=&#8221;.vc_custom_1604616574398{margin-bottom: 100px !important;}&#8221;][vc_column width=&#8221;1\/2&#8243;]<div  id=\"sc_price_486472261\" \n\tclass=\"sc_price sc_price_default\"><div class=\"sc_price_info\"><div class=\"sc_price_title\"><a href=\"http:\/\/latinoseguros.com.mx.previewc75.carrierzone.com\/sitio2020\/#1603930152966-85b3311c-456c\">Empresas<\/a><\/div><div class=\"sc_price_details\">[vc_column_text]<\/p>\n<h4 style=\"text-align: left\">Coberturas<\/h4>\n<ul>\n<li style=\"font-weight: 400;text-align: left\"><b>INCENDIO:<\/b><span style=\"font-weight: 400\"> Te garantiza la protecci\u00f3n del edificio y los contenidos tales como: Maquinaria, mobiliarios, equipo, materia prima, producto en proceso de elaboraci\u00f3n o ya terminados, mercanc\u00eda en bodega y\/o establecimiento comercial, entre otras.<\/span><\/li>\n<li style=\"font-weight: 400;text-align: left\"><b>RESPONSABILIDAD CIVIL:<\/b>\u00a0Para que todos los da\u00f1os que se generen a terceros por las actividades propias de tu negocio est\u00e9n cubiertas.<\/li>\n<\/ul>\n<p>[\/vc_column_text]<\/div><a href=\"http:\/\/latinoseguros.com.mx.previewc75.carrierzone.com\/sitio2020\/#1603930152966-85b3311c-456c\" class=\"sc_price_link\" target=\"_blank\">Cotiza Ahora<\/a><\/div>\n<\/div>[\/vc_column][vc_column width=&#8221;1\/2&#8243;]<div id=\"sc_title_1526658108\"\r\n\t\tclass=\"sc_title_align_left sc_title sc_title_default\"><h5 class=\"sc_item_title sc_title_title sc_align_left sc_item_title_style_default sc_item_title_tag\">Ampl\u00eda tu protecci\u00f3n con nuestras coberturas adicionales opcionales:<\/h5><\/div><!-- \/.sc_title --><div class=\"cq-dagallery-container\" style=\"width:100%;margin:0 auto;\"><ul class=\"cq-dagallery\" data-gallerywidth=\"100%\" data-width=\"132\" data-height=\"99\" data-color=\"#ffffff\" data-background=\"#00bfff\" data-opacity=\"0\"><li class=\"\" data-width=\"132\" data-height=\"99\" data-margin=\"5px\" style=\"margin:5px\"><a class=\"normal\" href=\"http:\/\/latinoseguros.com.mx.previewc75.carrierzone.com\/sitio2020\/wp-content\/uploads\/2020\/11\/latino-seguros-empresas-perdidas-consecuenciales.jpg\" rel=\"168586\"><img src='http:\/\/latinoseguros.com.mx.previewc75.carrierzone.com\/sitio2020\/wp-content\/uploads\/2020\/11\/latino-seguros-empresas-perdidas-consecuenciales-264x198.jpg' width='132' height='99' alt='' \/><\/a><div class=\"dagallery-info\" style=\"padding:20px;color:#ffffff;background-color:#00bfff\"><\/div><\/li><li class=\"\" data-width=\"132\" data-height=\"99\" data-margin=\"5px\" style=\"margin:5px\"><a class=\"normal\" href=\"http:\/\/latinoseguros.com.mx.previewc75.carrierzone.com\/sitio2020\/wp-content\/uploads\/2020\/11\/latino-seguros-empresas-remocion-escombros.jpg\" rel=\"168586\"><img src='http:\/\/latinoseguros.com.mx.previewc75.carrierzone.com\/sitio2020\/wp-content\/uploads\/2020\/11\/latino-seguros-empresas-remocion-escombros-264x198.jpg' width='132' height='99' alt='' \/><\/a><div class=\"dagallery-info\" style=\"padding:20px;color:#ffffff;background-color:#00bfff\"><\/div><\/li><li class=\"\" data-width=\"132\" data-height=\"99\" data-margin=\"5px\" style=\"margin:5px\"><a class=\"normal\" href=\"http:\/\/latinoseguros.com.mx.previewc75.carrierzone.com\/sitio2020\/wp-content\/uploads\/2020\/11\/latino-seguros-empresas-robo-violencia-asalto.jpg\" rel=\"168586\"><img src='http:\/\/latinoseguros.com.mx.previewc75.carrierzone.com\/sitio2020\/wp-content\/uploads\/2020\/11\/latino-seguros-empresas-robo-violencia-asalto-264x198.jpg' width='132' height='99' alt='' \/><\/a><div class=\"dagallery-info\" style=\"padding:20px;color:#ffffff;background-color:#00bfff\"><\/div><\/li><li class=\"\" data-width=\"132\" data-height=\"99\" data-margin=\"5px\" style=\"margin:5px\"><a class=\"normal\" href=\"http:\/\/latinoseguros.com.mx.previewc75.carrierzone.com\/sitio2020\/wp-content\/uploads\/2020\/11\/latino-seguros-empresas-rotura-cristales.jpg\" rel=\"168586\"><img src='http:\/\/latinoseguros.com.mx.previewc75.carrierzone.com\/sitio2020\/wp-content\/uploads\/2020\/11\/latino-seguros-empresas-rotura-cristales-264x198.jpg' width='132' height='99' alt='' \/><\/a><div class=\"dagallery-info\" style=\"padding:20px;color:#ffffff;background-color:#00bfff\"><\/div><\/li><li class=\"\" data-width=\"132\" data-height=\"99\" data-margin=\"5px\" style=\"margin:5px\"><a class=\"normal\" href=\"http:\/\/latinoseguros.com.mx.previewc75.carrierzone.com\/sitio2020\/wp-content\/uploads\/2020\/11\/latino-seguros-empresas-anuncios-luminosos.jpg\" rel=\"168586\"><img src='http:\/\/latinoseguros.com.mx.previewc75.carrierzone.com\/sitio2020\/wp-content\/uploads\/2020\/11\/latino-seguros-empresas-anuncios-luminosos-264x198.jpg' width='132' height='99' alt='' \/><\/a><div class=\"dagallery-info\" style=\"padding:20px;color:#ffffff;background-color:#00bfff\"><\/div><\/li><li class=\"\" data-width=\"132\" data-height=\"99\" data-margin=\"5px\" style=\"margin:5px\"><a class=\"normal\" href=\"http:\/\/latinoseguros.com.mx.previewc75.carrierzone.com\/sitio2020\/wp-content\/uploads\/2020\/11\/latino-seguros-empresas-dinero-valores.jpg\" rel=\"168586\"><img src='http:\/\/latinoseguros.com.mx.previewc75.carrierzone.com\/sitio2020\/wp-content\/uploads\/2020\/11\/latino-seguros-empresas-dinero-valores-264x198.jpg' width='132' height='99' alt='' \/><\/a><div class=\"dagallery-info\" style=\"padding:20px;color:#ffffff;background-color:#00bfff\"><\/div><\/li><li class=\"\" data-width=\"132\" data-height=\"99\" data-margin=\"5px\" style=\"margin:5px\"><a class=\"normal\" href=\"http:\/\/latinoseguros.com.mx.previewc75.carrierzone.com\/sitio2020\/wp-content\/uploads\/2020\/11\/latino-seguros-empresas-maquinaria-equipo.jpg\" rel=\"168586\"><img src='http:\/\/latinoseguros.com.mx.previewc75.carrierzone.com\/sitio2020\/wp-content\/uploads\/2020\/11\/latino-seguros-empresas-maquinaria-equipo-264x198.jpg' width='132' height='99' alt='' \/><\/a><div class=\"dagallery-info\" style=\"padding:20px;color:#ffffff;background-color:#00bfff\"><\/div><\/li><\/ul><\/div>[\/vc_column][\/vc_row][vc_row css=&#8221;.vc_custom_1606159353199{margin-top: 80px !important;margin-bottom: 80px !important;}&#8221;][vc_column][vc_column_text]<\/p>\n<h5 style=\"text-align: center;\"><span style=\"font-weight: 400;\">Al solicitar tu cotizaci\u00f3n pregunta por nuestros paquetes<\/span><\/h5>\n<p>[\/vc_column_text][\/vc_column][\/vc_row]<\/p>\n","protected":false},"excerpt":{"rendered":"<p>[vc_row full_width=&#8221;stretch_row&#8221;][vc_column][\/vc_column][\/vc_row][vc_row content_placement=&#8221;middle&#8221; css=&#8221;.vc_custom_1604527261597{margin-bottom: 100px !important;}&#8221;][vc_column width=&#8221;1\/2&#8243;][vc_single_image image=&#8221;1687&#8243; img_size=&#8221;full&#8221;][\/vc_column][vc_column width=&#8221;1\/2&#8243;][vc_column_text]Que ning\u00fan imprevisto afecte tu ingreso. Con este seguro garantizamos la protecci\u00f3n del edificio o local y tu anuncio exterior luminoso ante incendios y rotura de cristales. Tambi\u00e9n ofrecemos protecci\u00f3n a&hellip;<\/p>\n","protected":false},"author":1,"featured_media":0,"parent":1669,"menu_order":0,"comment_status":"closed","ping_status":"closed","template":"","meta":[],"_links":{"self":[{"href":"http:\/\/latinoseguros.com.mx\/sitio2020\/wp-json\/wp\/v2\/pages\/1685"}],"collection":[{"href":"http:\/\/latinoseguros.com.mx\/sitio2020\/wp-json\/wp\/v2\/pages"}],"about":[{"href":"http:\/\/latinoseguros.com.mx\/sitio2020\/wp-json\/wp\/v2\/types\/page"}],"author":[{"embeddable":true,"href":"http:\/\/latinoseguros.com.mx\/sitio2020\/wp-json\/wp\/v2\/users\/1"}],"replies":[{"embeddable":true,"href":"http:\/\/latinoseguros.com.mx\/sitio2020\/wp-json\/wp\/v2\/comments?post=1685"}],"version-history":[{"count":6,"href":"http:\/\/latinoseguros.com.mx\/sitio2020\/wp-json\/wp\/v2\/pages\/1685\/revisions"}],"predecessor-version":[{"id":2299,"href":"http:\/\/latinoseguros.com.mx\/sitio2020\/wp-json\/wp\/v2\/pages\/1685\/revisions\/2299"}],"up":[{"embeddable":true,"href":"http:\/\/latinoseguros.com.mx\/sitio2020\/wp-json\/wp\/v2\/pages\/1669"}],"wp:attachment":[{"href":"http:\/\/latinoseguros.com.mx\/sitio2020\/wp-json\/wp\/v2\/media?parent=1685"}],"curies":[{"name":"wp","href":"https:\/\/api.w.org\/{rel}","templated":true}]}}